{"id":5467,"date":"2022-09-15T10:06:51","date_gmt":"2022-09-15T08:06:51","guid":{"rendered":"https:\/\/www.mchydraulic.se\/applications-and-industries\/logistics-transportation\/"},"modified":"2023-10-26T14:42:17","modified_gmt":"2023-10-26T12:42:17","slug":"logistics-transportation","status":"publish","type":"page","link":"https:\/\/www.mchydraulic.se\/en\/applications-and-industries\/logistics-transportation\/","title":{"rendered":"Logistics &#038; transportation"},"content":{"rendered":"<p>[et_pb_section fb_built=&#8221;1&#8243; _builder_version=&#8221;4.20.0&#8243; background_color=&#8221;#FFFFFF&#8221; custom_padding=&#8221;0px|0px|0px|0px|false|false&#8221; global_colors_info=&#8221;{}&#8221;][et_pb_row _builder_version=&#8221;4.22.2&#8243; _module_preset=&#8221;default&#8221; background_color=&#8221;#FFFFFF&#8221; background_image=&#8221;https:\/\/www.mchydraulic.se\/wp-content\/uploads\/2023\/10\/MC-Top-Logistik-Transport-Ext-1.webp&#8221; width=&#8221;100%&#8221; width_phone=&#8221;90%&#8221; width_last_edited=&#8221;off|desktop&#8221; max_width=&#8221;100%&#8221; height=&#8221;400px&#8221; height_tablet=&#8221;300px&#8221; height_phone=&#8221;200px&#8221; height_last_edited=&#8221;on|phone&#8221; custom_margin=&#8221;||0px||false|false&#8221; global_colors_info=&#8221;{}&#8221;][et_pb_column type=&#8221;4_4&#8243; _builder_version=&#8221;4.16&#8243; _module_preset=&#8221;default&#8221; global_colors_info=&#8221;{}&#8221;][\/et_pb_column][\/et_pb_row][\/et_pb_section][et_pb_section fb_built=&#8221;1&#8243; custom_padding_last_edited=&#8221;on|phone&#8221; _builder_version=&#8221;4.22.1&#8243; _module_preset=&#8221;default&#8221; custom_padding=&#8221;6%||6%||true|false&#8221; custom_padding_tablet=&#8221;8%||8%||true|false&#8221; custom_padding_phone=&#8221;12%||12%||true|false&#8221; global_colors_info=&#8221;{}&#8221;][et_pb_row _builder_version=&#8221;4.22.1&#8243; background_color=&#8221;#ffffff&#8221; width_tablet=&#8221;&#8221; width_phone=&#8221;90%&#8221; width_last_edited=&#8221;on|phone&#8221; custom_padding=&#8221;0px||0px||false|true&#8221; global_colors_info=&#8221;{}&#8221;][et_pb_column type=&#8221;4_4&#8243; _builder_version=&#8221;4.16&#8243; custom_padding=&#8221;|||&#8221; global_colors_info=&#8221;{}&#8221; custom_padding__hover=&#8221;|||&#8221;][et_pb_text _builder_version=&#8221;4.22.1&#8243; header_font=&#8221;||||||||&#8221; header_3_font=&#8221;||||||||&#8221; custom_padding=&#8221;|||||false&#8221; text_font_size_tablet=&#8221;&#8221; text_font_size_phone=&#8221;12px&#8221; text_font_size_last_edited=&#8221;on|phone&#8221; text_line_height_tablet=&#8221;&#8221; text_line_height_phone=&#8221;1.5em&#8221; text_line_height_last_edited=&#8221;on|desktop&#8221; header_font_size_tablet=&#8221;32px&#8221; header_font_size_phone=&#8221;30px&#8221; header_font_size_last_edited=&#8221;on|phone&#8221; header_3_font_size_tablet=&#8221;&#8221; header_3_font_size_phone=&#8221;20px&#8221; header_3_font_size_last_edited=&#8221;on|phone&#8221; global_colors_info=&#8221;{}&#8221;]<\/p>\n<h1>Logistics &amp; transportation<\/h1>\n<p>Cylinders exposed to high heat and desert sand \u2013 as well as arctic cold air, and alternately sandy or salted roads. Other cylinders must lift a container, a full load of timber or several heavy pallets in one operation. Tough conditions where we stand for the knowledge and, in consultation with you, design the right cylinder for the right purpose. In recent years, many of our customers&#8217; focus has been on weight optimization of cylinders while maintaining performance.<\/p>\n<p>We develop and produce cylinders for truck manufacturers, truck body builders, material handling equipment and much more in logistics and transport. With many years of experience.[\/et_pb_text][\/et_pb_column][\/et_pb_row][\/et_pb_section][et_pb_section fb_built=&#8221;1&#8243; _builder_version=&#8221;4.22.1&#8243; _module_preset=&#8221;default&#8221; background_color=&#8221;#f4f6f7&#8243; custom_padding=&#8221;0px||0px|||&#8221; global_colors_info=&#8221;{}&#8221;][et_pb_row _builder_version=&#8221;4.22.1&#8243; _module_preset=&#8221;default&#8221; background_enable_color=&#8221;off&#8221; width_tablet=&#8221;&#8221; width_phone=&#8221;90%&#8221; width_last_edited=&#8221;on|phone&#8221; custom_margin=&#8221;||0px||false|false&#8221; custom_padding=&#8221;20px|30px|10px|30px|false|true&#8221; global_colors_info=&#8221;{}&#8221;][et_pb_column type=&#8221;4_4&#8243; _builder_version=&#8221;4.16&#8243; _module_preset=&#8221;default&#8221; global_colors_info=&#8221;{}&#8221;][et_pb_text _builder_version=&#8221;4.16&#8243; header_font=&#8221;||||||||&#8221; header_3_font=&#8221;||||||||&#8221; text_orientation=&#8221;center&#8221; custom_padding=&#8221;|||||false&#8221; header_font_size_tablet=&#8221;32px&#8221; header_font_size_phone=&#8221;20px&#8221; header_font_size_last_edited=&#8221;on|phone&#8221; header_2_font_size_tablet=&#8221;22px&#8221; header_2_font_size_phone=&#8221;20px&#8221; header_2_font_size_last_edited=&#8221;on|desktop&#8221; header_3_font_size_tablet=&#8221;&#8221; header_3_font_size_phone=&#8221;20px&#8221; header_3_font_size_last_edited=&#8221;on|phone&#8221; text_orientation_tablet=&#8221;left&#8221; text_orientation_phone=&#8221;left&#8221; text_orientation_last_edited=&#8221;on|phone&#8221; global_colors_info=&#8221;{}&#8221;]<\/p>\n<h2>Other areas of use<\/h2>\n<p>[\/et_pb_text][\/et_pb_column][\/et_pb_row][et_pb_row column_structure=&#8221;1_4,1_4,1_4,1_4&#8243; use_custom_gutter=&#8221;on&#8221; gutter_width=&#8221;1&#8243; make_equal=&#8221;on&#8221; _builder_version=&#8221;4.22.2&#8243; _module_preset=&#8221;default&#8221; background_color=&#8221;#FFFFFF&#8221; width=&#8221;100%&#8221; width_phone=&#8221;90%&#8221; width_last_edited=&#8221;off|desktop&#8221; max_width=&#8221;100%&#8221; custom_margin=&#8221;||0px||false|false&#8221; custom_padding=&#8221;0px||0px||false|false&#8221; hover_enabled=&#8221;0&#8243; global_colors_info=&#8221;{}&#8221; sticky_enabled=&#8221;0&#8243;][et_pb_column type=&#8221;1_4&#8243; _builder_version=&#8221;4.22.2&#8243; _module_preset=&#8221;default&#8221; background_color=&#8221;rgba(0,0,0,0.5)&#8221; background_image=&#8221;https:\/\/www.mchydraulic.se\/wp-content\/uploads\/2023\/10\/MC-Top-Skogsindustrin-Ext.webp&#8221; background_blend=&#8221;multiply&#8221; custom_padding=&#8221;8%||8%||true|false&#8221; custom_padding_tablet=&#8221;14%||14%||true|false&#8221; custom_padding_phone=&#8221;20%||20%||true|false&#8221; custom_padding_last_edited=&#8221;on|phone&#8221; hover_enabled=&#8221;0&#8243; global_colors_info=&#8221;{}&#8221; background__hover_enabled=&#8221;on|desktop&#8221; background_color__hover=&#8221;&#8221; background_enable_color__hover=&#8221;off&#8221; title_text=&#8221;MC-Top-Skogsindustrin-Ext&#8221; sticky_enabled=&#8221;0&#8243;][et_pb_button button_url=&#8221;https:\/\/www.mchydraulic.se\/en\/applications-and-industries\/forestry\/&#8221; button_text=&#8221;Forestry&#8221; button_alignment=&#8221;center&#8221; _builder_version=&#8221;4.16&#8243; _module_preset=&#8221;default&#8221; custom_button=&#8221;on&#8221; button_text_size=&#8221;14px&#8221; global_colors_info=&#8221;{}&#8221;][\/et_pb_button][\/et_pb_column][et_pb_column type=&#8221;1_4&#8243; _builder_version=&#8221;4.22.1&#8243; _module_preset=&#8221;default&#8221; background_color=&#8221;rgba(0,0,0,0.5)&#8221; background_image=&#8221;https:\/\/www.mchydraulic.se\/wp-content\/uploads\/2023\/09\/MC-Lantbruk-1200&#215;500-1.webp&#8221; background_blend=&#8221;multiply&#8221; custom_padding=&#8221;8%||8%||true|false&#8221; custom_padding_tablet=&#8221;14%||14%||true|false&#8221; custom_padding_phone=&#8221;20%||20%||true|false&#8221; custom_padding_last_edited=&#8221;on|phone&#8221; global_colors_info=&#8221;{}&#8221; background__hover_enabled=&#8221;on|desktop&#8221; background_color__hover=&#8221;&#8221; background_enable_color__hover=&#8221;off&#8221;][et_pb_button button_url=&#8221;https:\/\/www.mchydraulic.se\/en\/applications-and-industries\/agriculture\/&#8221; button_text=&#8221;Agriculture&#8221; button_alignment=&#8221;center&#8221; _builder_version=&#8221;4.22.1&#8243; _module_preset=&#8221;default&#8221; custom_button=&#8221;on&#8221; button_text_size=&#8221;14px&#8221; global_colors_info=&#8221;{}&#8221;][\/et_pb_button][\/et_pb_column][et_pb_column type=&#8221;1_4&#8243; _builder_version=&#8221;4.20.0&#8243; _module_preset=&#8221;default&#8221; background_color=&#8221;rgba(0,0,0,0.5)&#8221; background_image=&#8221;https:\/\/www.mchydraulic.se\/wp-content\/uploads\/2022\/04\/MC-Stationara-Applikationer-Top.jpg&#8221; background_blend=&#8221;multiply&#8221; custom_padding=&#8221;8%||8%||true|false&#8221; custom_padding_tablet=&#8221;14%||14%||true|false&#8221; custom_padding_phone=&#8221;20%||20%||true|false&#8221; custom_padding_last_edited=&#8221;on|phone&#8221; global_colors_info=&#8221;{}&#8221; background__hover_enabled=&#8221;on|desktop&#8221; background_color__hover=&#8221;&#8221; background_enable_color__hover=&#8221;off&#8221;][et_pb_button button_url=&#8221;https:\/\/www.mchydraulic.se\/en\/applications-and-industries\/stationary-applications\/&#8221; button_text=&#8221;Stationary applications&#8221; button_alignment=&#8221;center&#8221; _builder_version=&#8221;4.16&#8243; _module_preset=&#8221;default&#8221; custom_button=&#8221;on&#8221; button_text_size=&#8221;14px&#8221; global_colors_info=&#8221;{}&#8221;][\/et_pb_button][\/et_pb_column][et_pb_column type=&#8221;1_4&#8243; _builder_version=&#8221;4.20.0&#8243; _module_preset=&#8221;default&#8221; background_color=&#8221;rgba(0,0,0,0.5)&#8221; background_image=&#8221;https:\/\/www.mchydraulic.se\/wp-content\/uploads\/2022\/04\/MC-Entreprenad-Top.jpg&#8221; background_blend=&#8221;multiply&#8221; custom_padding=&#8221;8%||8%||true|false&#8221; custom_padding_tablet=&#8221;14%||14%||true|false&#8221; custom_padding_phone=&#8221;20%||20%||true|false&#8221; custom_padding_last_edited=&#8221;on|phone&#8221; global_colors_info=&#8221;{}&#8221; background__hover_enabled=&#8221;on|desktop&#8221; background_color__hover=&#8221;&#8221; background_enable_color__hover=&#8221;off&#8221;][et_pb_button button_url=&#8221;https:\/\/www.mchydraulic.se\/en\/applications-and-industries\/construction\/&#8221; button_text=&#8221;Construction&#8221; button_alignment=&#8221;center&#8221; _builder_version=&#8221;4.16&#8243; _module_preset=&#8221;default&#8221; custom_button=&#8221;on&#8221; button_text_size=&#8221;14px&#8221; global_colors_info=&#8221;{}&#8221;][\/et_pb_button][\/et_pb_column][\/et_pb_row][\/et_pb_section]<\/p>\n","protected":false},"excerpt":{"rendered":"<p>Logistics &amp; transportation Cylinders exposed to high heat and desert sand \u2013 as well as arctic cold air, and alternately sandy or salted roads. Other cylinders must lift a container, a full load of timber or several heavy pallets in one operation. Tough conditions where we stand for the knowledge and, in consultation with you, [&hellip;]<\/p>\n","protected":false},"author":6,"featured_media":0,"parent":3675,"menu_order":0,"comment_status":"closed","ping_status":"closed","template":"","meta":{"_et_pb_use_builder":"on","_et_pb_old_content":"","_et_gb_content_width":"","footnotes":""},"class_list":["post-5467","page","type-page","status-publish","hentry"],"yoast_head":"<!-- This site is optimized with the Yoast SEO plugin v27.4 - https:\/\/yoast.com\/product\/yoast-seo-wordpress\/ -->\n<title>Areas of use - Logistics &amp; transportation - Melin &amp; Carlsson<\/title>\n<meta name=\"description\" content=\"Melin &amp; Carlsson \u00e4r verksamma inom en rad olika omr\u00e5den. H\u00e4r kan du l\u00e4sa om ett av v\u00e5ra vanligaste anv\u00e4ndningsomr\u00e5den - Logistik och transport.\" \/>\n<meta name=\"robots\" content=\"index, follow, max-snippet:-1, max-image-preview:large, max-video-preview:-1\" \/>\n<link rel=\"canonical\" href=\"https:\/\/www.mchydraulic.se\/en\/applications-and-industries\/logistics-transportation\/\" \/>\n<meta property=\"og:locale\" content=\"en_US\" \/>\n<meta property=\"og:type\" content=\"article\" \/>\n<meta property=\"og:title\" content=\"Areas of use - Logistics &amp; transportation - Melin &amp; Carlsson\" \/>\n<meta property=\"og:description\" content=\"Melin &amp; Carlsson \u00e4r verksamma inom en rad olika omr\u00e5den. H\u00e4r kan du l\u00e4sa om ett av v\u00e5ra vanligaste anv\u00e4ndningsomr\u00e5den - Logistik och transport.\" \/>\n<meta property=\"og:url\" content=\"https:\/\/www.mchydraulic.se\/en\/applications-and-industries\/logistics-transportation\/\" \/>\n<meta property=\"og:site_name\" content=\"Melin &amp; Carlsson\" \/>\n<meta property=\"article:publisher\" content=\"https:\/\/sv-se.facebook.com\/melinochcarlsson\/\" \/>\n<meta property=\"article:modified_time\" content=\"2023-10-26T12:42:17+00:00\" \/>\n<meta name=\"twitter:label1\" content=\"Est. reading time\" \/>\n\t<meta name=\"twitter:data1\" content=\"5 minutes\" \/>\n<script type=\"application\/ld+json\" class=\"yoast-schema-graph\">{\"@context\":\"https:\\\/\\\/schema.org\",\"@graph\":[{\"@type\":\"WebPage\",\"@id\":\"https:\\\/\\\/www.mchydraulic.se\\\/en\\\/applications-and-industries\\\/logistics-transportation\\\/\",\"url\":\"https:\\\/\\\/www.mchydraulic.se\\\/en\\\/applications-and-industries\\\/logistics-transportation\\\/\",\"name\":\"Areas of use - Logistics & transportation - Melin & Carlsson\",\"isPartOf\":{\"@id\":\"https:\\\/\\\/www.mchydraulic.se\\\/en\\\/#website\"},\"datePublished\":\"2022-09-15T08:06:51+00:00\",\"dateModified\":\"2023-10-26T12:42:17+00:00\",\"description\":\"Melin & Carlsson \u00e4r verksamma inom en rad olika omr\u00e5den. H\u00e4r kan du l\u00e4sa om ett av v\u00e5ra vanligaste anv\u00e4ndningsomr\u00e5den - Logistik och transport.\",\"breadcrumb\":{\"@id\":\"https:\\\/\\\/www.mchydraulic.se\\\/en\\\/applications-and-industries\\\/logistics-transportation\\\/#breadcrumb\"},\"inLanguage\":\"en-US\",\"potentialAction\":[{\"@type\":\"ReadAction\",\"target\":[\"https:\\\/\\\/www.mchydraulic.se\\\/en\\\/applications-and-industries\\\/logistics-transportation\\\/\"]}]},{\"@type\":\"BreadcrumbList\",\"@id\":\"https:\\\/\\\/www.mchydraulic.se\\\/en\\\/applications-and-industries\\\/logistics-transportation\\\/#breadcrumb\",\"itemListElement\":[{\"@type\":\"ListItem\",\"position\":1,\"name\":\"Home\",\"item\":\"https:\\\/\\\/www.mchydraulic.se\\\/en\\\/\"},{\"@type\":\"ListItem\",\"position\":2,\"name\":\"Applications and industries\",\"item\":\"https:\\\/\\\/www.mchydraulic.se\\\/en\\\/anvandningsomraden\\\/\"},{\"@type\":\"ListItem\",\"position\":3,\"name\":\"Logistics &#038; transportation\"}]},{\"@type\":\"WebSite\",\"@id\":\"https:\\\/\\\/www.mchydraulic.se\\\/en\\\/#website\",\"url\":\"https:\\\/\\\/www.mchydraulic.se\\\/en\\\/\",\"name\":\"Melin &amp; Carlsson\",\"description\":\"Kraft att f\u00f6rflytta berg\",\"publisher\":{\"@id\":\"https:\\\/\\\/www.mchydraulic.se\\\/en\\\/#organization\"},\"potentialAction\":[{\"@type\":\"SearchAction\",\"target\":{\"@type\":\"EntryPoint\",\"urlTemplate\":\"https:\\\/\\\/www.mchydraulic.se\\\/en\\\/?s={search_term_string}\"},\"query-input\":{\"@type\":\"PropertyValueSpecification\",\"valueRequired\":true,\"valueName\":\"search_term_string\"}}],\"inLanguage\":\"en-US\"},{\"@type\":\"Organization\",\"@id\":\"https:\\\/\\\/www.mchydraulic.se\\\/en\\\/#organization\",\"name\":\"Melin & Carlsson\",\"url\":\"https:\\\/\\\/www.mchydraulic.se\\\/en\\\/\",\"logo\":{\"@type\":\"ImageObject\",\"inLanguage\":\"en-US\",\"@id\":\"https:\\\/\\\/www.mchydraulic.se\\\/en\\\/#\\\/schema\\\/logo\\\/image\\\/\",\"url\":\"https:\\\/\\\/www.mchydraulic.se\\\/wp-content\\\/uploads\\\/2019\\\/03\\\/MC.png\",\"contentUrl\":\"https:\\\/\\\/www.mchydraulic.se\\\/wp-content\\\/uploads\\\/2019\\\/03\\\/MC.png\",\"width\":829,\"height\":114,\"caption\":\"Melin & Carlsson\"},\"image\":{\"@id\":\"https:\\\/\\\/www.mchydraulic.se\\\/en\\\/#\\\/schema\\\/logo\\\/image\\\/\"},\"sameAs\":[\"https:\\\/\\\/sv-se.facebook.com\\\/melinochcarlsson\\\/\",\"https:\\\/\\\/www.linkedin.com\\\/company\\\/melin-carlsson-hydraulic-ab?originalSubdomain=se\"]}]}<\/script>\n<!-- \/ Yoast SEO plugin. -->","yoast_head_json":{"title":"Areas of use - Logistics & transportation - Melin & Carlsson","description":"Melin & Carlsson \u00e4r verksamma inom en rad olika omr\u00e5den. H\u00e4r kan du l\u00e4sa om ett av v\u00e5ra vanligaste anv\u00e4ndningsomr\u00e5den - Logistik och transport.","robots":{"index":"index","follow":"follow","max-snippet":"max-snippet:-1","max-image-preview":"max-image-preview:large","max-video-preview":"max-video-preview:-1"},"canonical":"https:\/\/www.mchydraulic.se\/en\/applications-and-industries\/logistics-transportation\/","og_locale":"en_US","og_type":"article","og_title":"Areas of use - Logistics & transportation - Melin & Carlsson","og_description":"Melin & Carlsson \u00e4r verksamma inom en rad olika omr\u00e5den. H\u00e4r kan du l\u00e4sa om ett av v\u00e5ra vanligaste anv\u00e4ndningsomr\u00e5den - Logistik och transport.","og_url":"https:\/\/www.mchydraulic.se\/en\/applications-and-industries\/logistics-transportation\/","og_site_name":"Melin &amp; Carlsson","article_publisher":"https:\/\/sv-se.facebook.com\/melinochcarlsson\/","article_modified_time":"2023-10-26T12:42:17+00:00","twitter_misc":{"Est. reading time":"5 minutes"},"schema":{"@context":"https:\/\/schema.org","@graph":[{"@type":"WebPage","@id":"https:\/\/www.mchydraulic.se\/en\/applications-and-industries\/logistics-transportation\/","url":"https:\/\/www.mchydraulic.se\/en\/applications-and-industries\/logistics-transportation\/","name":"Areas of use - Logistics & transportation - Melin & Carlsson","isPartOf":{"@id":"https:\/\/www.mchydraulic.se\/en\/#website"},"datePublished":"2022-09-15T08:06:51+00:00","dateModified":"2023-10-26T12:42:17+00:00","description":"Melin & Carlsson \u00e4r verksamma inom en rad olika omr\u00e5den. H\u00e4r kan du l\u00e4sa om ett av v\u00e5ra vanligaste anv\u00e4ndningsomr\u00e5den - Logistik och transport.","breadcrumb":{"@id":"https:\/\/www.mchydraulic.se\/en\/applications-and-industries\/logistics-transportation\/#breadcrumb"},"inLanguage":"en-US","potentialAction":[{"@type":"ReadAction","target":["https:\/\/www.mchydraulic.se\/en\/applications-and-industries\/logistics-transportation\/"]}]},{"@type":"BreadcrumbList","@id":"https:\/\/www.mchydraulic.se\/en\/applications-and-industries\/logistics-transportation\/#breadcrumb","itemListElement":[{"@type":"ListItem","position":1,"name":"Home","item":"https:\/\/www.mchydraulic.se\/en\/"},{"@type":"ListItem","position":2,"name":"Applications and industries","item":"https:\/\/www.mchydraulic.se\/en\/anvandningsomraden\/"},{"@type":"ListItem","position":3,"name":"Logistics &#038; transportation"}]},{"@type":"WebSite","@id":"https:\/\/www.mchydraulic.se\/en\/#website","url":"https:\/\/www.mchydraulic.se\/en\/","name":"Melin &amp; Carlsson","description":"Kraft att f\u00f6rflytta berg","publisher":{"@id":"https:\/\/www.mchydraulic.se\/en\/#organization"},"potentialAction":[{"@type":"SearchAction","target":{"@type":"EntryPoint","urlTemplate":"https:\/\/www.mchydraulic.se\/en\/?s={search_term_string}"},"query-input":{"@type":"PropertyValueSpecification","valueRequired":true,"valueName":"search_term_string"}}],"inLanguage":"en-US"},{"@type":"Organization","@id":"https:\/\/www.mchydraulic.se\/en\/#organization","name":"Melin & Carlsson","url":"https:\/\/www.mchydraulic.se\/en\/","logo":{"@type":"ImageObject","inLanguage":"en-US","@id":"https:\/\/www.mchydraulic.se\/en\/#\/schema\/logo\/image\/","url":"https:\/\/www.mchydraulic.se\/wp-content\/uploads\/2019\/03\/MC.png","contentUrl":"https:\/\/www.mchydraulic.se\/wp-content\/uploads\/2019\/03\/MC.png","width":829,"height":114,"caption":"Melin & Carlsson"},"image":{"@id":"https:\/\/www.mchydraulic.se\/en\/#\/schema\/logo\/image\/"},"sameAs":["https:\/\/sv-se.facebook.com\/melinochcarlsson\/","https:\/\/www.linkedin.com\/company\/melin-carlsson-hydraulic-ab?originalSubdomain=se"]}]}},"_links":{"self":[{"href":"https:\/\/www.mchydraulic.se\/en\/wp-json\/wp\/v2\/pages\/5467","targetHints":{"allow":["GET"]}}],"collection":[{"href":"https:\/\/www.mchydraulic.se\/en\/wp-json\/wp\/v2\/pages"}],"about":[{"href":"https:\/\/www.mchydraulic.se\/en\/wp-json\/wp\/v2\/types\/page"}],"author":[{"embeddable":true,"href":"https:\/\/www.mchydraulic.se\/en\/wp-json\/wp\/v2\/users\/6"}],"replies":[{"embeddable":true,"href":"https:\/\/www.mchydraulic.se\/en\/wp-json\/wp\/v2\/comments?post=5467"}],"version-history":[{"count":20,"href":"https:\/\/www.mchydraulic.se\/en\/wp-json\/wp\/v2\/pages\/5467\/revisions"}],"predecessor-version":[{"id":6636,"href":"https:\/\/www.mchydraulic.se\/en\/wp-json\/wp\/v2\/pages\/5467\/revisions\/6636"}],"up":[{"embeddable":true,"href":"https:\/\/www.mchydraulic.se\/en\/wp-json\/wp\/v2\/pages\/3675"}],"wp:attachment":[{"href":"https:\/\/www.mchydraulic.se\/en\/wp-json\/wp\/v2\/media?parent=5467"}],"curies":[{"name":"wp","href":"https:\/\/api.w.org\/{rel}","templated":true}]}}